{"id":255,"date":"2019-05-17T19:29:13","date_gmt":"2019-05-17T17:29:13","guid":{"rendered":"https:\/\/comafem.com\/wp\/?post_type=product&#038;p=255"},"modified":"2021-09-16T15:41:39","modified_gmt":"2021-09-16T13:41:39","slug":"armadio-spogliatoio-01","status":"publish","type":"product","link":"https:\/\/comafem.com\/wp\/negozio\/armadi-metallici\/armadio-spogliatoio-01\/","title":{"rendered":"Armadio Spogliatoio doppio"},"content":{"rendered":"<p>Armadio spogliatoio interamente costruito in lamiera. L&#8217; eccellente qualit\u00e0 delle profilature rende questo articolo stabile e resistente, quindi particolarmente adatto per l&#8217; utilizzo in fabbriche, comunit\u00e0 ed esercizi pubblici. Ogni armadio \u00e8 pensato per servire due persone, ed ogni serratura \u00e8 munita di doppia chiave.<\/p>\n<p style=\"text-align: center;\"><span style=\"color: #339966;\"><strong>Misure: 99x40x180<\/strong><\/span><\/p>\n<p><span style=\"text-decoration: underline;\"><span style=\"color: #0000ff;\"><em>Quando non diversamente indicato, i prezzi si intendono IVA ESCLUSA<\/em><\/span><\/span><\/p>\n","protected":false},"excerpt":{"rendered":"<p>Riponi i tuoi abiti da lavoro\/ tempo libero nei nostri armadi in lamiera: la loro praticit\u00e0 e solidit\u00e0 \u00e8 comprovata dalla loro classificazione di\u00a0<\/p>\n<p style=\"text-align: center;\"><span style=\"background-color: #33cccc; color: #ffff00;\"><span style=\"font-family: 'comic sans ms', sans-serif;\"><strong>PRODOTTO TOP: MAI UN RESO PER PRODOTTO NON CONFORME NEGLI ULTIMI TRE ANNI!<\/strong><\/span>!<\/span><\/p>\n","protected":false},"featured_media":259,"template":"","meta":[],"product_brand":[],"product_cat":[31],"product_tag":[],"class_list":{"0":"post-255","1":"product","2":"type-product","3":"status-publish","4":"has-post-thumbnail","6":"product_cat-armadi-metallici","8":"first","9":"instock","10":"product-type-simple"},"yoast_head":"<!-- This site is optimized with the Yoast SEO plugin v27.4 - https:\/\/yoast.com\/product\/yoast-seo-wordpress\/ -->\n<title>Armadio Spogliatoio doppio - Comafem<\/title>\n<meta name=\"description\" content=\"Armadio metallico tipologia spogliatoio interamente costruito in lamiera. Prodotto nazionale. Solido e robusto, misure 99x40x180\" \/>\n<meta name=\"robots\" content=\"index, follow, max-snippet:-1, max-image-preview:large, max-video-preview:-1\" \/>\n<link rel=\"canonical\" href=\"https:\/\/comafem.com\/wp\/negozio\/armadi-metallici\/armadio-spogliatoio-01\/\" \/>\n<meta property=\"og:locale\" content=\"it_IT\" \/>\n<meta property=\"og:type\" content=\"article\" \/>\n<meta property=\"og:title\" content=\"Armadio Spogliatoio doppio - Comafem\" \/>\n<meta property=\"og:description\" content=\"Armadio metallico tipologia spogliatoio interamente costruito in lamiera. Prodotto nazionale. Solido e robusto, misure 99x40x180\" \/>\n<meta property=\"og:url\" content=\"https:\/\/comafem.com\/wp\/negozio\/armadi-metallici\/armadio-spogliatoio-01\/\" \/>\n<meta property=\"og:site_name\" content=\"Comafem\" \/>\n<meta property=\"article:modified_time\" content=\"2021-09-16T13:41:39+00:00\" \/>\n<meta property=\"og:image\" content=\"https:\/\/comafem.com\/wp\/wp-content\/uploads\/Armadio-Spogliatoio-01.jpg\" \/>\n\t<meta property=\"og:image:width\" content=\"960\" \/>\n\t<meta property=\"og:image:height\" content=\"960\" \/>\n\t<meta property=\"og:image:type\" content=\"image\/jpeg\" \/>\n<meta name=\"twitter:card\" content=\"summary_large_image\" \/>\n<script type=\"application\/ld+json\" class=\"yoast-schema-graph\">{\"@context\":\"https:\\\/\\\/schema.org\",\"@graph\":[{\"@type\":\"WebPage\",\"@id\":\"https:\\\/\\\/comafem.com\\\/wp\\\/negozio\\\/armadi-metallici\\\/armadio-spogliatoio-01\\\/\",\"url\":\"https:\\\/\\\/comafem.com\\\/wp\\\/negozio\\\/armadi-metallici\\\/armadio-spogliatoio-01\\\/\",\"name\":\"Armadio Spogliatoio doppio - Comafem\",\"isPartOf\":{\"@id\":\"https:\\\/\\\/comafem.com\\\/wp\\\/#website\"},\"primaryImageOfPage\":{\"@id\":\"https:\\\/\\\/comafem.com\\\/wp\\\/negozio\\\/armadi-metallici\\\/armadio-spogliatoio-01\\\/#primaryimage\"},\"image\":{\"@id\":\"https:\\\/\\\/comafem.com\\\/wp\\\/negozio\\\/armadi-metallici\\\/armadio-spogliatoio-01\\\/#primaryimage\"},\"thumbnailUrl\":\"https:\\\/\\\/comafem.com\\\/wp\\\/wp-content\\\/uploads\\\/Armadio-Spogliatoio-01.jpg\",\"datePublished\":\"2019-05-17T17:29:13+00:00\",\"dateModified\":\"2021-09-16T13:41:39+00:00\",\"description\":\"Armadio metallico tipologia spogliatoio interamente costruito in lamiera. Prodotto nazionale. Solido e robusto, misure 99x40x180\",\"breadcrumb\":{\"@id\":\"https:\\\/\\\/comafem.com\\\/wp\\\/negozio\\\/armadi-metallici\\\/armadio-spogliatoio-01\\\/#breadcrumb\"},\"inLanguage\":\"it-IT\",\"potentialAction\":[{\"@type\":\"ReadAction\",\"target\":[\"https:\\\/\\\/comafem.com\\\/wp\\\/negozio\\\/armadi-metallici\\\/armadio-spogliatoio-01\\\/\"]}]},{\"@type\":\"ImageObject\",\"inLanguage\":\"it-IT\",\"@id\":\"https:\\\/\\\/comafem.com\\\/wp\\\/negozio\\\/armadi-metallici\\\/armadio-spogliatoio-01\\\/#primaryimage\",\"url\":\"https:\\\/\\\/comafem.com\\\/wp\\\/wp-content\\\/uploads\\\/Armadio-Spogliatoio-01.jpg\",\"contentUrl\":\"https:\\\/\\\/comafem.com\\\/wp\\\/wp-content\\\/uploads\\\/Armadio-Spogliatoio-01.jpg\",\"width\":960,\"height\":960},{\"@type\":\"BreadcrumbList\",\"@id\":\"https:\\\/\\\/comafem.com\\\/wp\\\/negozio\\\/armadi-metallici\\\/armadio-spogliatoio-01\\\/#breadcrumb\",\"itemListElement\":[{\"@type\":\"ListItem\",\"position\":1,\"name\":\"Home\",\"item\":\"https:\\\/\\\/comafem.com\\\/wp\\\/\"},{\"@type\":\"ListItem\",\"position\":2,\"name\":\"Shop\",\"item\":\"https:\\\/\\\/comafem.com\\\/wp\\\/negozio\\\/\"},{\"@type\":\"ListItem\",\"position\":3,\"name\":\"Armadio Spogliatoio doppio\"}]},{\"@type\":\"WebSite\",\"@id\":\"https:\\\/\\\/comafem.com\\\/wp\\\/#website\",\"url\":\"https:\\\/\\\/comafem.com\\\/wp\\\/\",\"name\":\"Comafem\",\"description\":\"Smaltimento metalli\",\"publisher\":{\"@id\":\"https:\\\/\\\/comafem.com\\\/wp\\\/#organization\"},\"potentialAction\":[{\"@type\":\"SearchAction\",\"target\":{\"@type\":\"EntryPoint\",\"urlTemplate\":\"https:\\\/\\\/comafem.com\\\/wp\\\/?s={search_term_string}\"},\"query-input\":{\"@type\":\"PropertyValueSpecification\",\"valueRequired\":true,\"valueName\":\"search_term_string\"}}],\"inLanguage\":\"it-IT\"},{\"@type\":\"Organization\",\"@id\":\"https:\\\/\\\/comafem.com\\\/wp\\\/#organization\",\"name\":\"Comafem\",\"url\":\"https:\\\/\\\/comafem.com\\\/wp\\\/\",\"logo\":{\"@type\":\"ImageObject\",\"inLanguage\":\"it-IT\",\"@id\":\"https:\\\/\\\/comafem.com\\\/wp\\\/#\\\/schema\\\/logo\\\/image\\\/\",\"url\":\"https:\\\/\\\/comafem.com\\\/wp\\\/wp-content\\\/uploads\\\/comafem_logo_anniversary.png\",\"contentUrl\":\"https:\\\/\\\/comafem.com\\\/wp\\\/wp-content\\\/uploads\\\/comafem_logo_anniversary.png\",\"width\":349,\"height\":100,\"caption\":\"Comafem\"},\"image\":{\"@id\":\"https:\\\/\\\/comafem.com\\\/wp\\\/#\\\/schema\\\/logo\\\/image\\\/\"}}]}<\/script>\n<!-- \/ Yoast SEO plugin. -->","yoast_head_json":{"title":"Armadio Spogliatoio doppio - Comafem","description":"Armadio metallico tipologia spogliatoio interamente costruito in lamiera. Prodotto nazionale. Solido e robusto, misure 99x40x180","robots":{"index":"index","follow":"follow","max-snippet":"max-snippet:-1","max-image-preview":"max-image-preview:large","max-video-preview":"max-video-preview:-1"},"canonical":"https:\/\/comafem.com\/wp\/negozio\/armadi-metallici\/armadio-spogliatoio-01\/","og_locale":"it_IT","og_type":"article","og_title":"Armadio Spogliatoio doppio - Comafem","og_description":"Armadio metallico tipologia spogliatoio interamente costruito in lamiera. Prodotto nazionale. Solido e robusto, misure 99x40x180","og_url":"https:\/\/comafem.com\/wp\/negozio\/armadi-metallici\/armadio-spogliatoio-01\/","og_site_name":"Comafem","article_modified_time":"2021-09-16T13:41:39+00:00","og_image":[{"width":960,"height":960,"url":"https:\/\/comafem.com\/wp\/wp-content\/uploads\/Armadio-Spogliatoio-01.jpg","type":"image\/jpeg"}],"twitter_card":"summary_large_image","schema":{"@context":"https:\/\/schema.org","@graph":[{"@type":"WebPage","@id":"https:\/\/comafem.com\/wp\/negozio\/armadi-metallici\/armadio-spogliatoio-01\/","url":"https:\/\/comafem.com\/wp\/negozio\/armadi-metallici\/armadio-spogliatoio-01\/","name":"Armadio Spogliatoio doppio - Comafem","isPartOf":{"@id":"https:\/\/comafem.com\/wp\/#website"},"primaryImageOfPage":{"@id":"https:\/\/comafem.com\/wp\/negozio\/armadi-metallici\/armadio-spogliatoio-01\/#primaryimage"},"image":{"@id":"https:\/\/comafem.com\/wp\/negozio\/armadi-metallici\/armadio-spogliatoio-01\/#primaryimage"},"thumbnailUrl":"https:\/\/comafem.com\/wp\/wp-content\/uploads\/Armadio-Spogliatoio-01.jpg","datePublished":"2019-05-17T17:29:13+00:00","dateModified":"2021-09-16T13:41:39+00:00","description":"Armadio metallico tipologia spogliatoio interamente costruito in lamiera. Prodotto nazionale. Solido e robusto, misure 99x40x180","breadcrumb":{"@id":"https:\/\/comafem.com\/wp\/negozio\/armadi-metallici\/armadio-spogliatoio-01\/#breadcrumb"},"inLanguage":"it-IT","potentialAction":[{"@type":"ReadAction","target":["https:\/\/comafem.com\/wp\/negozio\/armadi-metallici\/armadio-spogliatoio-01\/"]}]},{"@type":"ImageObject","inLanguage":"it-IT","@id":"https:\/\/comafem.com\/wp\/negozio\/armadi-metallici\/armadio-spogliatoio-01\/#primaryimage","url":"https:\/\/comafem.com\/wp\/wp-content\/uploads\/Armadio-Spogliatoio-01.jpg","contentUrl":"https:\/\/comafem.com\/wp\/wp-content\/uploads\/Armadio-Spogliatoio-01.jpg","width":960,"height":960},{"@type":"BreadcrumbList","@id":"https:\/\/comafem.com\/wp\/negozio\/armadi-metallici\/armadio-spogliatoio-01\/#breadcrumb","itemListElement":[{"@type":"ListItem","position":1,"name":"Home","item":"https:\/\/comafem.com\/wp\/"},{"@type":"ListItem","position":2,"name":"Shop","item":"https:\/\/comafem.com\/wp\/negozio\/"},{"@type":"ListItem","position":3,"name":"Armadio Spogliatoio doppio"}]},{"@type":"WebSite","@id":"https:\/\/comafem.com\/wp\/#website","url":"https:\/\/comafem.com\/wp\/","name":"Comafem","description":"Smaltimento metalli","publisher":{"@id":"https:\/\/comafem.com\/wp\/#organization"},"potentialAction":[{"@type":"SearchAction","target":{"@type":"EntryPoint","urlTemplate":"https:\/\/comafem.com\/wp\/?s={search_term_string}"},"query-input":{"@type":"PropertyValueSpecification","valueRequired":true,"valueName":"search_term_string"}}],"inLanguage":"it-IT"},{"@type":"Organization","@id":"https:\/\/comafem.com\/wp\/#organization","name":"Comafem","url":"https:\/\/comafem.com\/wp\/","logo":{"@type":"ImageObject","inLanguage":"it-IT","@id":"https:\/\/comafem.com\/wp\/#\/schema\/logo\/image\/","url":"https:\/\/comafem.com\/wp\/wp-content\/uploads\/comafem_logo_anniversary.png","contentUrl":"https:\/\/comafem.com\/wp\/wp-content\/uploads\/comafem_logo_anniversary.png","width":349,"height":100,"caption":"Comafem"},"image":{"@id":"https:\/\/comafem.com\/wp\/#\/schema\/logo\/image\/"}}]}},"_links":{"self":[{"href":"https:\/\/comafem.com\/wp\/wp-json\/wp\/v2\/product\/255","targetHints":{"allow":["GET"]}}],"collection":[{"href":"https:\/\/comafem.com\/wp\/wp-json\/wp\/v2\/product"}],"about":[{"href":"https:\/\/comafem.com\/wp\/wp-json\/wp\/v2\/types\/product"}],"wp:featuredmedia":[{"embeddable":true,"href":"https:\/\/comafem.com\/wp\/wp-json\/wp\/v2\/media\/259"}],"wp:attachment":[{"href":"https:\/\/comafem.com\/wp\/wp-json\/wp\/v2\/media?parent=255"}],"wp:term":[{"taxonomy":"product_brand","embeddable":true,"href":"https:\/\/comafem.com\/wp\/wp-json\/wp\/v2\/product_brand?post=255"},{"taxonomy":"product_cat","embeddable":true,"href":"https:\/\/comafem.com\/wp\/wp-json\/wp\/v2\/product_cat?post=255"},{"taxonomy":"product_tag","embeddable":true,"href":"https:\/\/comafem.com\/wp\/wp-json\/wp\/v2\/product_tag?post=255"}],"curies":[{"name":"wp","href":"https:\/\/api.w.org\/{rel}","templated":true}]}}